{"id":621,"date":"2024-11-13T19:36:00","date_gmt":"2024-11-13T19:36:00","guid":{"rendered":"https:\/\/dev.terrazzo-usa.com\/?page_id=621"},"modified":"2025-11-27T14:58:55","modified_gmt":"2025-11-27T19:58:55","slug":"become-a-partner","status":"publish","type":"page","link":"https:\/\/dev.terrazzo-usa.com\/de\/become-a-partner\/","title":{"rendered":"Partner werden"},"content":{"rendered":"<div data-elementor-type=\"wp-page\" data-elementor-id=\"621\" class=\"elementor elementor-621\" data-elementor-post-type=\"page\">\n\t\t\t\t<div class=\"elementor-element elementor-element-2861adf e-con-full wd-section-stretch-content e-flex e-con e-parent\" data-id=\"2861adf\" data-element_type=\"container\" data-e-type=\"container\" data-settings=\"{&quot;background_background&quot;:&quot;classic&quot;}\">\n\t\t<div class=\"elementor-element elementor-element-f9c8962 e-con-full e-flex e-con e-child\" data-id=\"f9c8962\" data-element_type=\"container\" data-e-type=\"container\" data-settings=\"{&quot;background_background&quot;:&quot;classic&quot;}\">\n\t\t<div class=\"elementor-element elementor-element-c91d6e3 e-con-full e-flex e-con e-child\" data-id=\"c91d6e3\" data-element_type=\"container\" data-e-type=\"container\" data-settings=\"{&quot;background_background&quot;:&quot;classic&quot;}\">\n\t\t\t\t<div class=\"elementor-element elementor-element-4719d8e elementor-widget elementor-widget-heading\" data-id=\"4719d8e\" data-element_type=\"widget\" data-e-type=\"widget\" data-settings=\"{&quot;ekit_we_effect_on&quot;:&quot;none&quot;}\" data-widget_type=\"heading.default\">\n\t\t\t\t<div class=\"elementor-widget-container\">\n\t\t\t\t\t<h4 class=\"elementor-heading-title elementor-size-default\">Willkommen in unserem exklusiven\n<\/h4>\t\t\t\t<\/div>\n\t\t\t\t<\/div>\n\t\t\t\t<div class=\"elementor-element elementor-element-9f5fbc2 elementor-widget elementor-widget-heading\" data-id=\"9f5fbc2\" data-element_type=\"widget\" data-e-type=\"widget\" data-settings=\"{&quot;ekit_we_effect_on&quot;:&quot;none&quot;}\" data-widget_type=\"heading.default\">\n\t\t\t\t<div class=\"elementor-widget-container\">\n\t\t\t\t\t<h1 class=\"elementor-heading-title elementor-size-default\">Partnerprogramm<\/h1>\t\t\t\t<\/div>\n\t\t\t\t<\/div>\n\t\t\t\t<div class=\"elementor-element elementor-element-8d85116 color-scheme-inherit text-left elementor-widget elementor-widget-text-editor\" data-id=\"8d85116\" data-element_type=\"widget\" data-e-type=\"widget\" data-settings=\"{&quot;ekit_we_effect_on&quot;:&quot;none&quot;}\" data-widget_type=\"text-editor.default\">\n\t\t\t\t<div class=\"elementor-widget-container\">\n\t\t\t\t\t\t\t\t\t<p>Unser Programm richtet sich gezielt an:<\/p><ul><li>Einzelh\u00e4ndler<\/li><\/ul><p style=\"padding-left: 40px;\">sowie komplement\u00e4re Gesch\u00e4ftszweige wie Badezimmereinrichtungen, K\u00fcchenstudios, M\u00f6bel- und Leuchtenfachgesch\u00e4fte und \u00e4hnliche Branchen.<\/p><ul><li>Autorisierte H\u00e4ndler<\/li><\/ul><p style=\"padding-left: 40px;\">sowie Dienstleistungsunternehmen aus den Bereichen Putz, Farbe, Beschichtungen, Epoxidharz u.\u202fv.\u202fm.<\/p>\t\t\t\t\t\t\t\t<\/div>\n\t\t\t\t<\/div>\n\t\t\t\t<div class=\"elementor-element elementor-element-e178b87 color-scheme-inherit text-left elementor-widget elementor-widget-text-editor\" data-id=\"e178b87\" data-element_type=\"widget\" data-e-type=\"widget\" data-settings=\"{&quot;ekit_we_effect_on&quot;:&quot;none&quot;}\" data-widget_type=\"text-editor.default\">\n\t\t\t\t<div class=\"elementor-widget-container\">\n\t\t\t\t\t\t\t\t\t<p>Wir unterst\u00fctzen Sie bei der Gestaltung Ihres Showrooms mit unseren Produkten und stellen Ihnen sowohl Materialien und Muster als auch inspirierende Verkaufsimpulse zur Verf\u00fcgung, um Sie beim erfolgreichen Abschluss zu unterst\u00fctzen.<\/p><p>Profitieren Sie von verg\u00fcnstigten Einkaufspreisen auf unser gesamtes Sortiment \u2013 mit attraktiven Margen f\u00fcr den Einzelhandel.<\/p>\t\t\t\t\t\t\t\t<\/div>\n\t\t\t\t<\/div>\n\t\t\t\t<\/div>\n\t\t\t\t<\/div>\n\t\t\t\t<\/div>\n\t\t<div class=\"wd-negative-gap elementor-element elementor-element-89ad601 wd-section-stretch-content e-flex e-con-boxed e-con e-parent\" data-id=\"89ad601\" data-element_type=\"container\" data-e-type=\"container\" data-settings=\"{&quot;background_background&quot;:&quot;classic&quot;}\">\n\t\t\t\t\t<div class=\"e-con-inner\">\n\t\t<div class=\"elementor-element elementor-element-2fdfea4 e-con-full e-flex e-con e-child\" data-id=\"2fdfea4\" data-element_type=\"container\" data-e-type=\"container\">\n\t\t\t\t<div class=\"elementor-element elementor-element-dc63f6f elementor-widget elementor-widget-heading\" data-id=\"dc63f6f\" data-element_type=\"widget\" data-e-type=\"widget\" data-settings=\"{&quot;ekit_we_effect_on&quot;:&quot;none&quot;}\" data-widget_type=\"heading.default\">\n\t\t\t\t<div class=\"elementor-widget-container\">\n\t\t\t\t\t<h2 class=\"elementor-heading-title elementor-size-default\">Werden Sie Mitglied der TERRAZZO-Familie <\/h2>\t\t\t\t<\/div>\n\t\t\t\t<\/div>\n\t\t\t\t<div class=\"elementor-element elementor-element-1068b7c elementor-widget elementor-widget-heading\" data-id=\"1068b7c\" data-element_type=\"widget\" data-e-type=\"widget\" data-settings=\"{&quot;ekit_we_effect_on&quot;:&quot;none&quot;}\" data-widget_type=\"heading.default\">\n\t\t\t\t<div class=\"elementor-widget-container\">\n\t\t\t\t\t<h2 class=\"elementor-heading-title elementor-size-default\">Werden Sie Partner!<\/h2>\t\t\t\t<\/div>\n\t\t\t\t<\/div>\n\t\t<div class=\"elementor-element elementor-element-e855804 e-con-full e-flex e-con e-child\" data-id=\"e855804\" data-element_type=\"container\" data-e-type=\"container\">\n\t\t<div class=\"elementor-element elementor-element-aaee64a e-con-full e-flex e-con e-child\" data-id=\"aaee64a\" data-element_type=\"container\" data-e-type=\"container\">\n\t\t\t\t<div class=\"elementor-element elementor-element-b7d6a7e color-scheme-inherit text-left elementor-widget elementor-widget-text-editor\" data-id=\"b7d6a7e\" data-element_type=\"widget\" data-e-type=\"widget\" data-settings=\"{&quot;ekit_we_effect_on&quot;:&quot;none&quot;}\" data-widget_type=\"text-editor.default\">\n\t\t\t\t<div class=\"elementor-widget-container\">\n\t\t\t\t\t\t\t\t\t<p class=\"translation-block\"><strong>Exklusive Preise freischalten<\/strong><\/p><p>Profitieren Sie von bevorzugten Einkaufskonditionen mit attraktiven Gewinnspannen \u2013 ideal, um Ihr Verkaufspotenzial im Einzelhandel voll auszusch\u00f6pfen.<\/p>\t\t\t\t\t\t\t\t<\/div>\n\t\t\t\t<\/div>\n\t\t\t\t<\/div>\n\t\t<div class=\"elementor-element elementor-element-fe566bc e-con-full e-flex e-con e-child\" data-id=\"fe566bc\" data-element_type=\"container\" data-e-type=\"container\">\n\t\t\t\t<div class=\"elementor-element elementor-element-c484551 color-scheme-inherit text-left elementor-widget elementor-widget-text-editor\" data-id=\"c484551\" data-element_type=\"widget\" data-e-type=\"widget\" data-settings=\"{&quot;ekit_we_effect_on&quot;:&quot;none&quot;}\" data-widget_type=\"text-editor.default\">\n\t\t\t\t<div class=\"elementor-widget-container\">\n\t\t\t\t\t\t\t\t\t<p class=\"translation-block\"><strong>Fr\u00fcher Zugang zu neuen Produkten<\/strong><\/p><p class=\"translation-block\">Sie und Ihre Kunden erhalten exklusiven Vorabzugang zu unseren neuesten Produkten und Farbvarianten.<\/p>\t\t\t\t\t\t\t\t<\/div>\n\t\t\t\t<\/div>\n\t\t\t\t<\/div>\n\t\t<div class=\"elementor-element elementor-element-cd7213e e-con-full e-flex e-con e-child\" data-id=\"cd7213e\" data-element_type=\"container\" data-e-type=\"container\">\n\t\t\t\t<div class=\"elementor-element elementor-element-5e2dc2a color-scheme-inherit text-left elementor-widget elementor-widget-text-editor\" data-id=\"5e2dc2a\" data-element_type=\"widget\" data-e-type=\"widget\" data-settings=\"{&quot;ekit_we_effect_on&quot;:&quot;none&quot;}\" data-widget_type=\"text-editor.default\">\n\t\t\t\t<div class=\"elementor-widget-container\">\n\t\t\t\t\t\t\t\t\t<p class=\"translation-block\"><strong>Kostenlose Muster erhalten<\/strong><\/p><p class=\"translation-block\">Nutzen Sie unseren kostenlosen Musterservice, um Farben und Materialien in aller Ruhe zu entdecken<\/p>\t\t\t\t\t\t\t\t<\/div>\n\t\t\t\t<\/div>\n\t\t\t\t<\/div>\n\t\t\t\t<\/div>\n\t\t\t\t<\/div>\n\t\t\t\t\t<\/div>\n\t\t\t\t<\/div>\n\t\t<div class=\"wd-negative-gap elementor-element elementor-element-9e59371 wd-section-stretch-content e-flex e-con-boxed e-con e-parent\" data-id=\"9e59371\" data-element_type=\"container\" data-e-type=\"container\" data-settings=\"{&quot;background_background&quot;:&quot;classic&quot;}\">\n\t\t\t\t\t<div class=\"e-con-inner\">\n\t\t<div class=\"elementor-element elementor-element-e2c0b2d e-con-full e-flex e-con e-child\" data-id=\"e2c0b2d\" data-element_type=\"container\" data-e-type=\"container\" data-settings=\"{&quot;background_background&quot;:&quot;classic&quot;}\">\n\t\t<div class=\"elementor-element elementor-element-31af85f e-con-full e-flex e-con e-child\" data-id=\"31af85f\" data-element_type=\"container\" data-e-type=\"container\">\n\t\t\t\t<div class=\"elementor-element elementor-element-1ad0602 color-scheme-inherit text-left elementor-widget elementor-widget-text-editor\" data-id=\"1ad0602\" data-element_type=\"widget\" data-e-type=\"widget\" data-settings=\"{&quot;ekit_we_effect_on&quot;:&quot;none&quot;}\" data-widget_type=\"text-editor.default\">\n\t\t\t\t<div class=\"elementor-widget-container\">\n\t\t\t\t\t\t\t\t\t<p>Schlie\u00dfen Sie sich dem am schnellsten wachsenden Putz-Franchise an.\nWerden Sie Terrazzo GraniTech Partner und er\u00f6ffnen Sie sich grenzenlose Chancen in einer Branche mit rasantem Wachstumspotenzial!<\/p>\t\t\t\t\t\t\t\t<\/div>\n\t\t\t\t<\/div>\n\t\t\t\t<div class=\"elementor-element elementor-element-0eb24d2 elementor-widget elementor-widget-heading\" data-id=\"0eb24d2\" data-element_type=\"widget\" data-e-type=\"widget\" data-settings=\"{&quot;ekit_we_effect_on&quot;:&quot;none&quot;}\" data-widget_type=\"heading.default\">\n\t\t\t\t<div class=\"elementor-widget-container\">\n\t\t\t\t\t<h2 class=\"elementor-heading-title elementor-size-default\">Werden Sie jetzt Teil unseres Netzwerks!\n<\/h2>\t\t\t\t<\/div>\n\t\t\t\t<\/div>\n\t\t\t\t<\/div>\n\t\t\t\t<\/div>\n\t\t<div class=\"elementor-element elementor-element-b72f388 e-con-full e-flex e-con e-child\" data-id=\"b72f388\" data-element_type=\"container\" data-e-type=\"container\">\n\t\t\t\t<div class=\"elementor-element elementor-element-dc50a83 elementor-widget elementor-widget-html\" data-id=\"dc50a83\" data-element_type=\"widget\" data-e-type=\"widget\" data-settings=\"{&quot;ekit_we_effect_on&quot;:&quot;none&quot;}\" data-widget_type=\"html.default\">\n\t\t\t\t<div class=\"elementor-widget-container\">\n\t\t\t\t\t<iframe\r\n  src=\"https:\/\/link.funnelpros.ai\/widget\/form\/eahbjvpwlbLnoUOWtMwU\"\r\n  style=\"width:100%;height:100%;border:none;border-radius:3px\"\r\n  id=\"inline-eahbjvpwlbLnoUOWtMwU\" \r\n  data-layout=\"{'id':'INLINE'}\"\r\n  data-trigger-type=\"alwaysShow\"\r\n  data-trigger-value=\"\"\r\n  data-activation-type=\"alwaysActivated\"\r\n  data-activation-value=\"\"\r\n  data-deactivation-type=\"neverDeactivate\"\r\n  data-deactivation-value=\"\"\r\n  data-form-name=\"Become a Partner - 5.15.25\"\r\n  data-height=\"1531\"\r\n  data-layout-iframe-id=\"inline-eahbjvpwlbLnoUOWtMwU\"\r\n  data-form-id=\"eahbjvpwlbLnoUOWtMwU\"\r\n  title=\"Partner werden - 5.15.25\"\r\n      >\r\n<\/iframe>\t\t\t\t<\/div>\n\t\t\t\t<\/div>\n\t\t\t\t<\/div>\n\t\t\t\t\t<\/div>\n\t\t\t\t<\/div>\n\t\t\t\t<\/div>","protected":false},"excerpt":{"rendered":"<p>Welcome to our Exclusive Partner Program Our program is designed specifically for: Retailers Complementary businesses such as a bathroom, kitchen,<\/p>","protected":false},"author":1,"featured_media":0,"parent":0,"menu_order":0,"comment_status":"closed","ping_status":"closed","template":"","meta":{"footnotes":""},"class_list":["post-621","page","type-page","status-publish","hentry"],"_links":{"self":[{"href":"https:\/\/dev.terrazzo-usa.com\/de\/wp-json\/wp\/v2\/pages\/621","targetHints":{"allow":["GET"]}}],"collection":[{"href":"https:\/\/dev.terrazzo-usa.com\/de\/wp-json\/wp\/v2\/pages"}],"about":[{"href":"https:\/\/dev.terrazzo-usa.com\/de\/wp-json\/wp\/v2\/types\/page"}],"author":[{"embeddable":true,"href":"https:\/\/dev.terrazzo-usa.com\/de\/wp-json\/wp\/v2\/users\/1"}],"replies":[{"embeddable":true,"href":"https:\/\/dev.terrazzo-usa.com\/de\/wp-json\/wp\/v2\/comments?post=621"}],"version-history":[{"count":0,"href":"https:\/\/dev.terrazzo-usa.com\/de\/wp-json\/wp\/v2\/pages\/621\/revisions"}],"wp:attachment":[{"href":"https:\/\/dev.terrazzo-usa.com\/de\/wp-json\/wp\/v2\/media?parent=621"}],"curies":[{"name":"wp","href":"https:\/\/api.w.org\/{rel}","templated":true}]}}